{"id":1538,"date":"2025-07-17T09:44:37","date_gmt":"2025-07-17T09:44:37","guid":{"rendered":"https:\/\/t-robotid.ee\/blog-2\/"},"modified":"2025-07-28T12:29:05","modified_gmt":"2025-07-28T12:29:05","slug":"blog-2","status":"publish","type":"page","link":"https:\/\/t-robotid.ee\/en\/blog-2\/","title":{"rendered":"Blog"},"content":{"rendered":"\t\t<div data-elementor-type=\"wp-page\" data-elementor-id=\"1538\" class=\"elementor elementor-1538 elementor-1431\" data-elementor-post-type=\"page\">\n\t\t\t\t\t\t<section class=\"elementor-section elementor-top-section elementor-element elementor-element-72bca21c elementor-section-boxed elementor-section-height-default elementor-section-height-default\" data-id=\"72bca21c\" data-element_type=\"section\" data-settings=\"{&quot;background_background&quot;:&quot;slideshow&quot;,&quot;background_slideshow_gallery&quot;:[{&quot;id&quot;:1174,&quot;url&quot;:&quot;https:\\\/\\\/t-robotid.ee\\\/wp-content\\\/uploads\\\/2025\\\/04\\\/20250317_144927-scaled-e1745577511950.jpg&quot;},{&quot;id&quot;:847,&quot;url&quot;:&quot;https:\\\/\\\/t-robotid.ee\\\/wp-content\\\/uploads\\\/2025\\\/04\\\/BAYERK2@2x.webp&quot;},{&quot;id&quot;:1168,&quot;url&quot;:&quot;https:\\\/\\\/t-robotid.ee\\\/wp-content\\\/uploads\\\/2025\\\/04\\\/20250131_114818-scaled.jpg&quot;},{&quot;id&quot;:845,&quot;url&quot;:&quot;https:\\\/\\\/t-robotid.ee\\\/wp-content\\\/uploads\\\/2025\\\/04\\\/Ind-News-Afrit-2@2x.webp&quot;},{&quot;id&quot;:1178,&quot;url&quot;:&quot;https:\\\/\\\/t-robotid.ee\\\/wp-content\\\/uploads\\\/2025\\\/04\\\/20250326_153117-scaled.jpg&quot;},{&quot;id&quot;:843,&quot;url&quot;:&quot;https:\\\/\\\/t-robotid.ee\\\/wp-content\\\/uploads\\\/2025\\\/04\\\/Pressata-Ecofiltri@2x.webp&quot;},{&quot;id&quot;:1166,&quot;url&quot;:&quot;https:\\\/\\\/t-robotid.ee\\\/wp-content\\\/uploads\\\/2025\\\/04\\\/20250131_112744-scaled.jpg&quot;},{&quot;id&quot;:851,&quot;url&quot;:&quot;https:\\\/\\\/t-robotid.ee\\\/wp-content\\\/uploads\\\/2025\\\/04\\\/2403-Lazpiur-Maq-Baterias_023_2@2x.webp&quot;},{&quot;id&quot;:1180,&quot;url&quot;:&quot;https:\\\/\\\/t-robotid.ee\\\/wp-content\\\/uploads\\\/2025\\\/04\\\/20250402_143159-scaled.jpg&quot;}],&quot;background_slideshow_ken_burns&quot;:&quot;yes&quot;,&quot;background_slideshow_loop&quot;:&quot;yes&quot;,&quot;background_slideshow_slide_duration&quot;:5000,&quot;background_slideshow_slide_transition&quot;:&quot;fade&quot;,&quot;background_slideshow_transition_duration&quot;:500,&quot;background_slideshow_ken_burns_zoom_direction&quot;:&quot;in&quot;}\">\n\t\t\t\t\t\t\t<div class=\"elementor-background-overlay\"><\/div>\n\t\t\t\t\t\t\t<div class=\"elementor-container elementor-column-gap-default\">\n\t\t\t\t\t<div class=\"elementor-column elementor-col-100 elementor-top-column elementor-element elementor-element-73c0e98f\" data-id=\"73c0e98f\" data-element_type=\"column\">\n\t\t\t<div class=\"elementor-widget-wrap elementor-element-populated\">\n\t\t\t\t\t\t<section class=\"elementor-section elementor-inner-section elementor-element elementor-element-2f53218f elementor-section-boxed elementor-section-height-default elementor-section-height-default\" data-id=\"2f53218f\" data-element_type=\"section\">\n\t\t\t\t\t\t<div class=\"elementor-container elementor-column-gap-default\">\n\t\t\t\t\t<div class=\"elementor-column elementor-col-100 elementor-inner-column elementor-element elementor-element-455ad35c elementor-invisible\" data-id=\"455ad35c\" data-element_type=\"column\" data-settings=\"{&quot;animation&quot;:&quot;fadeInUp&quot;}\">\n\t\t\t<div class=\"elementor-widget-wrap elementor-element-populated\">\n\t\t\t\t\t\t<div class=\"elementor-element elementor-element-51d772d elementor-widget elementor-widget-heading\" data-id=\"51d772d\" data-element_type=\"widget\" data-widget_type=\"heading.default\">\n\t\t\t\t<div class=\"elementor-widget-container\">\n\t\t\t\t\t<h1 class=\"elementor-heading-title elementor-size-default\">Blog<\/h1>\t\t\t\t<\/div>\n\t\t\t\t<\/div>\n\t\t\t\t\t<\/div>\n\t\t<\/div>\n\t\t\t\t\t<\/div>\n\t\t<\/section>\n\t\t\t\t\t<\/div>\n\t\t<\/div>\n\t\t\t\t\t<\/div>\n\t\t<\/section>\n\t\t<div class=\"elementor-element elementor-element-fef7be9 e-flex e-con-boxed e-con e-parent\" data-id=\"fef7be9\" data-element_type=\"container\">\n\t\t\t\t\t<div class=\"e-con-inner\">\n\t\t\t\t<div class=\"elementor-element elementor-element-80c3d76 elementor-widget-divider--view-line elementor-widget elementor-widget-divider\" data-id=\"80c3d76\" data-element_type=\"widget\" data-widget_type=\"divider.default\">\n\t\t\t\t<div class=\"elementor-widget-container\">\n\t\t\t\t\t\t\t<div class=\"elementor-divider\">\n\t\t\t<span class=\"elementor-divider-separator\">\n\t\t\t\t\t\t<\/span>\n\t\t<\/div>\n\t\t\t\t\t\t<\/div>\n\t\t\t\t<\/div>\n\t\t\t\t\t<\/div>\n\t\t\t\t<\/div>\n\t\t<div class=\"elementor-element elementor-element-577b87d e-flex e-con-boxed e-con e-parent\" data-id=\"577b87d\" data-element_type=\"container\">\n\t\t\t\t\t<div class=\"e-con-inner\">\n\t\t\t\t<div class=\"elementor-element elementor-element-f20a8d9 elementor-widget elementor-widget-elementskit-blog-posts\" data-id=\"f20a8d9\" data-element_type=\"widget\" data-widget_type=\"elementskit-blog-posts.default\">\n\t\t\t\t<div class=\"elementor-widget-container\">\n\t\t\t\t\t<div class=\"ekit-wid-con\" >        <div id=\"post-items--f20a8d9\" class=\"row post-items\">\n                    <div class=\"col-md-12\">\n\n                                    <div class=\"elementskit-blog-block-post\">\n                        <div class=\"row no-gutters\">\n                                                            <div class=\"col-md-6 order-2\">\n                                    <a href=\"https:\/\/t-robotid.ee\/en\/2025\/07\/21\/why-choose-yaskawa-industrial-robots\/\" class=\"elementskit-entry-thumb\">\n                                        <img decoding=\"async\" src=\"https:\/\/t-robotid.ee\/wp-content\/uploads\/2025\/06\/PHOTO-2025-06-26-18-16-45-1-1024x768.jpg\" alt=\"Why choose Yaskawa industrial robots?\">\n                                    <\/a><!-- .elementskit-entry-thumb END -->\n                                <\/div>\n                            \n                            <div class=\"col-md-6 order-1\">\n                                <div class=\"elementskit-post-body \">\n                                    <div class=\"elementskit-entry-header\">\n                                        \n                                                                                            \t\t\t\t\t                                            \n                                            \n                                                                                            \t\t\t\t<h2 class=\"entry-title\">\n\t\t\t\t\t<a href=\"https:\/\/t-robotid.ee\/en\/2025\/07\/21\/why-choose-yaskawa-industrial-robots\/\">\n\t\t\t\t\t\tWhy choose Yaskawa industrial robots?\t\t\t\t\t<\/a>\n\t\t\t\t<\/h2>\n\t\t\t                                                                                <\/div><!-- .elementskit-entry-header END -->\n\n                                                                            <div class=\"elementskit-post-footer\">\n                                                                                            <p>Why choose yaskawa industrial robots? Today&#8217;s industry is moving rapidly towards full automation. Companies that want to be successful not only today, but tomorrow, need to invest in technology that works reliably, accurately and without problems for years to come. This is&hellip;<\/p>\n                                                                                                                                <\/div><!-- .elementskit-post-footer END -->\n                                                                    <\/div><!-- .elementskit-post-body END -->\n                            <\/div>\n                        <\/div>\n                    <\/div><!-- .elementskit-blog-block-post .radius .gradient-bg END -->\n                \n            <\/div>\n                <\/div>\n       <\/div>\t\t\t\t<\/div>\n\t\t\t\t<\/div>\n\t\t\t\t\t<\/div>\n\t\t\t\t<\/div>\n\t\t<div class=\"elementor-element elementor-element-63f6836 e-flex e-con-boxed e-con e-parent\" data-id=\"63f6836\" data-element_type=\"container\">\n\t\t\t\t\t<div class=\"e-con-inner\">\n\t\t\t\t<div class=\"elementor-element elementor-element-f8edec5 elementor-widget-divider--view-line elementor-widget elementor-widget-divider\" data-id=\"f8edec5\" data-element_type=\"widget\" data-widget_type=\"divider.default\">\n\t\t\t\t<div class=\"elementor-widget-container\">\n\t\t\t\t\t\t\t<div class=\"elementor-divider\">\n\t\t\t<span class=\"elementor-divider-separator\">\n\t\t\t\t\t\t<\/span>\n\t\t<\/div>\n\t\t\t\t\t\t<\/div>\n\t\t\t\t<\/div>\n\t\t\t\t\t<\/div>\n\t\t\t\t<\/div>\n\t\t\t\t<\/div>\n\t\t","protected":false},"excerpt":{"rendered":"<p>Blog Miks eelistada\u202fYaskawa\u202ft\u00f6\u00f6stusroboteid? Miks eelistada yaskawa t\u00f6\u00f6stusroboteid? T\u00e4nap\u00e4eva t\u00f6\u00f6stus liigub kiiresti t\u00e4ieliku automatiseerimise suunas. Ettev\u00f5tted, kes soovivad olla edukad mitte ainult t\u00e4na, vaid ka homme, peavad investeerima tehnoloogiasse, mis t\u00f6\u00f6tab\u00a0usaldusv\u00e4\u00e4rselt, t\u00e4pselt ja aastaid probleemideta. Siin tulebki m\u00e4ngu roboti valik \u2013 ja mitte k\u00f5ik robotid pole&hellip;<\/p>\n","protected":false},"author":1,"featured_media":146,"parent":0,"menu_order":0,"comment_status":"closed","ping_status":"closed","template":"elementor_header_footer","meta":{"footnotes":""},"class_list":["post-1538","page","type-page","status-publish","has-post-thumbnail","hentry"],"yoast_head":"<!-- This site is optimized with the Yoast SEO plugin v26.6 - https:\/\/yoast.com\/wordpress\/plugins\/seo\/ -->\n<title>Blog - tootmisrobotid<\/title>\n<meta name=\"robots\" content=\"index, follow, max-snippet:-1, max-image-preview:large, max-video-preview:-1\" \/>\n<link rel=\"canonical\" href=\"https:\/\/t-robotid.ee\/en\/blog-2\/\" \/>\n<meta property=\"og:locale\" content=\"en_US\" \/>\n<meta property=\"og:type\" content=\"article\" \/>\n<meta property=\"og:title\" content=\"Blog - tootmisrobotid\" \/>\n<meta property=\"og:description\" content=\"Blog Miks eelistada\u202fYaskawa\u202ft\u00f6\u00f6stusroboteid? Miks eelistada yaskawa t\u00f6\u00f6stusroboteid? T\u00e4nap\u00e4eva t\u00f6\u00f6stus liigub kiiresti t\u00e4ieliku automatiseerimise suunas. Ettev\u00f5tted, kes soovivad olla edukad mitte ainult t\u00e4na, vaid ka homme, peavad investeerima tehnoloogiasse, mis t\u00f6\u00f6tab\u00a0usaldusv\u00e4\u00e4rselt, t\u00e4pselt ja aastaid probleemideta. Siin tulebki m\u00e4ngu roboti valik \u2013 ja mitte k\u00f5ik robotid pole&hellip;\" \/>\n<meta property=\"og:url\" content=\"https:\/\/t-robotid.ee\/en\/blog-2\/\" \/>\n<meta property=\"og:site_name\" content=\"tootmisrobotid\" \/>\n<meta property=\"article:modified_time\" content=\"2025-07-28T12:29:05+00:00\" \/>\n<meta property=\"og:image\" content=\"https:\/\/t-robotid.ee\/wp-content\/uploads\/2024\/11\/TRobot_sinine-1-1.png\" \/>\n\t<meta property=\"og:image:width\" content=\"510\" \/>\n\t<meta property=\"og:image:height\" content=\"149\" \/>\n\t<meta property=\"og:image:type\" content=\"image\/png\" \/>\n<meta name=\"twitter:card\" content=\"summary_large_image\" \/>\n<script type=\"application\/ld+json\" class=\"yoast-schema-graph\">{\"@context\":\"https:\/\/schema.org\",\"@graph\":[{\"@type\":\"WebPage\",\"@id\":\"https:\/\/t-robotid.ee\/en\/blog-2\/\",\"url\":\"https:\/\/t-robotid.ee\/en\/blog-2\/\",\"name\":\"Blog - tootmisrobotid\",\"isPartOf\":{\"@id\":\"https:\/\/t-robotid.ee\/en\/#website\"},\"primaryImageOfPage\":{\"@id\":\"https:\/\/t-robotid.ee\/en\/blog-2\/#primaryimage\"},\"image\":{\"@id\":\"https:\/\/t-robotid.ee\/en\/blog-2\/#primaryimage\"},\"thumbnailUrl\":\"https:\/\/t-robotid.ee\/wp-content\/uploads\/2024\/11\/TRobot_sinine-1-1.png\",\"datePublished\":\"2025-07-17T09:44:37+00:00\",\"dateModified\":\"2025-07-28T12:29:05+00:00\",\"breadcrumb\":{\"@id\":\"https:\/\/t-robotid.ee\/en\/blog-2\/#breadcrumb\"},\"inLanguage\":\"en-US\",\"potentialAction\":[{\"@type\":\"ReadAction\",\"target\":[\"https:\/\/t-robotid.ee\/en\/blog-2\/\"]}]},{\"@type\":\"ImageObject\",\"inLanguage\":\"en-US\",\"@id\":\"https:\/\/t-robotid.ee\/en\/blog-2\/#primaryimage\",\"url\":\"https:\/\/t-robotid.ee\/wp-content\/uploads\/2024\/11\/TRobot_sinine-1-1.png\",\"contentUrl\":\"https:\/\/t-robotid.ee\/wp-content\/uploads\/2024\/11\/TRobot_sinine-1-1.png\",\"width\":510,\"height\":149},{\"@type\":\"BreadcrumbList\",\"@id\":\"https:\/\/t-robotid.ee\/en\/blog-2\/#breadcrumb\",\"itemListElement\":[{\"@type\":\"ListItem\",\"position\":1,\"name\":\"Home\",\"item\":\"https:\/\/t-robotid.ee\/en\/home-page\/\"},{\"@type\":\"ListItem\",\"position\":2,\"name\":\"Blog\"}]},{\"@type\":\"WebSite\",\"@id\":\"https:\/\/t-robotid.ee\/en\/#website\",\"url\":\"https:\/\/t-robotid.ee\/en\/\",\"name\":\"Tootmisrobotid\",\"description\":\"Tootmise automatiseerimise v\u00f5tmed k\u00e4tte lahendused\",\"publisher\":{\"@id\":\"https:\/\/t-robotid.ee\/en\/#organization\"},\"potentialAction\":[{\"@type\":\"SearchAction\",\"target\":{\"@type\":\"EntryPoint\",\"urlTemplate\":\"https:\/\/t-robotid.ee\/en\/?s={search_term_string}\"},\"query-input\":{\"@type\":\"PropertyValueSpecification\",\"valueRequired\":true,\"valueName\":\"search_term_string\"}}],\"inLanguage\":\"en-US\"},{\"@type\":\"Organization\",\"@id\":\"https:\/\/t-robotid.ee\/en\/#organization\",\"name\":\"Tootmisrobotid\",\"url\":\"https:\/\/t-robotid.ee\/en\/\",\"logo\":{\"@type\":\"ImageObject\",\"inLanguage\":\"en-US\",\"@id\":\"https:\/\/t-robotid.ee\/en\/#\/schema\/logo\/image\/\",\"url\":\"https:\/\/t-robotid.ee\/wp-content\/uploads\/2024\/11\/TRobot_sinine-1-1.png\",\"contentUrl\":\"https:\/\/t-robotid.ee\/wp-content\/uploads\/2024\/11\/TRobot_sinine-1-1.png\",\"width\":510,\"height\":149,\"caption\":\"Tootmisrobotid\"},\"image\":{\"@id\":\"https:\/\/t-robotid.ee\/en\/#\/schema\/logo\/image\/\"}}]}<\/script>\n<!-- \/ Yoast SEO plugin. -->","yoast_head_json":{"title":"Blog - tootmisrobotid","robots":{"index":"index","follow":"follow","max-snippet":"max-snippet:-1","max-image-preview":"max-image-preview:large","max-video-preview":"max-video-preview:-1"},"canonical":"https:\/\/t-robotid.ee\/en\/blog-2\/","og_locale":"en_US","og_type":"article","og_title":"Blog - tootmisrobotid","og_description":"Blog Miks eelistada\u202fYaskawa\u202ft\u00f6\u00f6stusroboteid? Miks eelistada yaskawa t\u00f6\u00f6stusroboteid? T\u00e4nap\u00e4eva t\u00f6\u00f6stus liigub kiiresti t\u00e4ieliku automatiseerimise suunas. Ettev\u00f5tted, kes soovivad olla edukad mitte ainult t\u00e4na, vaid ka homme, peavad investeerima tehnoloogiasse, mis t\u00f6\u00f6tab\u00a0usaldusv\u00e4\u00e4rselt, t\u00e4pselt ja aastaid probleemideta. Siin tulebki m\u00e4ngu roboti valik \u2013 ja mitte k\u00f5ik robotid pole&hellip;","og_url":"https:\/\/t-robotid.ee\/en\/blog-2\/","og_site_name":"tootmisrobotid","article_modified_time":"2025-07-28T12:29:05+00:00","og_image":[{"width":510,"height":149,"url":"https:\/\/t-robotid.ee\/wp-content\/uploads\/2024\/11\/TRobot_sinine-1-1.png","type":"image\/png"}],"twitter_card":"summary_large_image","schema":{"@context":"https:\/\/schema.org","@graph":[{"@type":"WebPage","@id":"https:\/\/t-robotid.ee\/en\/blog-2\/","url":"https:\/\/t-robotid.ee\/en\/blog-2\/","name":"Blog - tootmisrobotid","isPartOf":{"@id":"https:\/\/t-robotid.ee\/en\/#website"},"primaryImageOfPage":{"@id":"https:\/\/t-robotid.ee\/en\/blog-2\/#primaryimage"},"image":{"@id":"https:\/\/t-robotid.ee\/en\/blog-2\/#primaryimage"},"thumbnailUrl":"https:\/\/t-robotid.ee\/wp-content\/uploads\/2024\/11\/TRobot_sinine-1-1.png","datePublished":"2025-07-17T09:44:37+00:00","dateModified":"2025-07-28T12:29:05+00:00","breadcrumb":{"@id":"https:\/\/t-robotid.ee\/en\/blog-2\/#breadcrumb"},"inLanguage":"en-US","potentialAction":[{"@type":"ReadAction","target":["https:\/\/t-robotid.ee\/en\/blog-2\/"]}]},{"@type":"ImageObject","inLanguage":"en-US","@id":"https:\/\/t-robotid.ee\/en\/blog-2\/#primaryimage","url":"https:\/\/t-robotid.ee\/wp-content\/uploads\/2024\/11\/TRobot_sinine-1-1.png","contentUrl":"https:\/\/t-robotid.ee\/wp-content\/uploads\/2024\/11\/TRobot_sinine-1-1.png","width":510,"height":149},{"@type":"BreadcrumbList","@id":"https:\/\/t-robotid.ee\/en\/blog-2\/#breadcrumb","itemListElement":[{"@type":"ListItem","position":1,"name":"Home","item":"https:\/\/t-robotid.ee\/en\/home-page\/"},{"@type":"ListItem","position":2,"name":"Blog"}]},{"@type":"WebSite","@id":"https:\/\/t-robotid.ee\/en\/#website","url":"https:\/\/t-robotid.ee\/en\/","name":"Tootmisrobotid","description":"Tootmise automatiseerimise v\u00f5tmed k\u00e4tte lahendused","publisher":{"@id":"https:\/\/t-robotid.ee\/en\/#organization"},"potentialAction":[{"@type":"SearchAction","target":{"@type":"EntryPoint","urlTemplate":"https:\/\/t-robotid.ee\/en\/?s={search_term_string}"},"query-input":{"@type":"PropertyValueSpecification","valueRequired":true,"valueName":"search_term_string"}}],"inLanguage":"en-US"},{"@type":"Organization","@id":"https:\/\/t-robotid.ee\/en\/#organization","name":"Tootmisrobotid","url":"https:\/\/t-robotid.ee\/en\/","logo":{"@type":"ImageObject","inLanguage":"en-US","@id":"https:\/\/t-robotid.ee\/en\/#\/schema\/logo\/image\/","url":"https:\/\/t-robotid.ee\/wp-content\/uploads\/2024\/11\/TRobot_sinine-1-1.png","contentUrl":"https:\/\/t-robotid.ee\/wp-content\/uploads\/2024\/11\/TRobot_sinine-1-1.png","width":510,"height":149,"caption":"Tootmisrobotid"},"image":{"@id":"https:\/\/t-robotid.ee\/en\/#\/schema\/logo\/image\/"}}]}},"_links":{"self":[{"href":"https:\/\/t-robotid.ee\/en\/wp-json\/wp\/v2\/pages\/1538","targetHints":{"allow":["GET"]}}],"collection":[{"href":"https:\/\/t-robotid.ee\/en\/wp-json\/wp\/v2\/pages"}],"about":[{"href":"https:\/\/t-robotid.ee\/en\/wp-json\/wp\/v2\/types\/page"}],"author":[{"embeddable":true,"href":"https:\/\/t-robotid.ee\/en\/wp-json\/wp\/v2\/users\/1"}],"replies":[{"embeddable":true,"href":"https:\/\/t-robotid.ee\/en\/wp-json\/wp\/v2\/comments?post=1538"}],"version-history":[{"count":3,"href":"https:\/\/t-robotid.ee\/en\/wp-json\/wp\/v2\/pages\/1538\/revisions"}],"predecessor-version":[{"id":1541,"href":"https:\/\/t-robotid.ee\/en\/wp-json\/wp\/v2\/pages\/1538\/revisions\/1541"}],"wp:featuredmedia":[{"embeddable":true,"href":"https:\/\/t-robotid.ee\/en\/wp-json\/wp\/v2\/media\/146"}],"wp:attachment":[{"href":"https:\/\/t-robotid.ee\/en\/wp-json\/wp\/v2\/media?parent=1538"}],"curies":[{"name":"wp","href":"https:\/\/api.w.org\/{rel}","templated":true}]}}